{"id":3054,"date":"2024-11-30T14:03:25","date_gmt":"2024-11-30T14:03:25","guid":{"rendered":"https:\/\/greenertech.gr\/esg-advisory\/"},"modified":"2024-11-30T15:33:00","modified_gmt":"2024-11-30T15:33:00","slug":"esg-advisory","status":"publish","type":"page","link":"https:\/\/greenertech.gr\/it\/esg-advisory\/","title":{"rendered":"ESG advisory"},"content":{"rendered":"\n<div class=\"wp-block-uagb-container uagb-block-7fa683e6 alignfull uagb-is-root-container\">\n<div class=\"wp-block-uagb-container uagb-layout-grid uagb-block-lrlrwfon alignfull uagb-is-root-container\"><div class=\"uagb-container-inner-blocks-wrap\">\n<div class=\"wp-block-uagb-info-box uagb-block-nlxqsv0e uagb-infobox__content-wrap  uagb-infobox-icon-above-title uagb-infobox-image-valign-top wp-block-uagb-info-box--has-margin\"><div class=\"uagb-infobox-margin-wrapper\"><div class=\"uagb-ifb-content\"><div class=\"uagb-ifb-title-wrap\"><h2 class=\"uagb-ifb-title\">ESG advisory<\/h2><\/div><p class=\"uagb-ifb-desc\">Integrare la sostenibilit\u00e0, gestire il rischio, accrescere il valore.<\/p><\/div><\/div><\/div>\n\n\n\n<div class=\"wp-block-uagb-buttons uagb-buttons__outer-wrap uagb-btn__default-btn uagb-btn-tablet__default-btn uagb-btn-mobile__default-btn uagb-block-yudoe6qf\"><div class=\"uagb-buttons__wrap uagb-buttons-layout-wrap \">\n<div class=\"wp-block-uagb-buttons-child uagb-buttons__outer-wrap uagb-block-vo2amfzx wp-block-button\"><div class=\"uagb-button__wrapper\"><a class=\"uagb-buttons-repeater wp-block-button__link\" aria-label=\"\" href=\"#\" rel=\"follow noopener\" target=\"_self\" role=\"button\"><div class=\"uagb-button__link\">Iniziamo<\/div><span class=\"uagb-button__icon uagb-button__icon-position-after\"><svg xmlns=\"https:\/\/www.w3.org\/2000\/svg\" viewbox=\"0 0 448 512\" aria-hidden=\"true\" focussable=\"false\"><path d=\"M438.6 278.6l-160 160C272.4 444.9 264.2 448 256 448s-16.38-3.125-22.62-9.375c-12.5-12.5-12.5-32.75 0-45.25L338.8 288H32C14.33 288 .0016 273.7 .0016 256S14.33 224 32 224h306.8l-105.4-105.4c-12.5-12.5-12.5-32.75 0-45.25s32.75-12.5 45.25 0l160 160C451.1 245.9 451.1 266.1 438.6 278.6z\"><\/path><\/svg><\/span><\/a><\/div><\/div>\n<\/div><\/div>\n<\/div><\/div>\n<\/div>\n\n<div class=\"wp-block-uagb-container uagb-block-b796c0c4 alignfull uagb-is-root-container\"><div class=\"uagb-container-inner-blocks-wrap\">\n<div class=\"wp-block-uagb-info-box uagb-block-u2gfg36k uagb-infobox__content-wrap  uagb-infobox-icon-above-title uagb-infobox-image-valign-top wp-block-uagb-info-box--has-margin\"><div class=\"uagb-infobox-margin-wrapper\"><div class=\"uagb-ifb-content\"><div class=\"uagb-ifb-title-wrap\"><h2 class=\"uagb-ifb-title\"><strong>Cosa facciamo<\/strong><\/h2><\/div><p class=\"uagb-ifb-desc\">In GreenerTech, diamo alle organizzazioni gli strumenti per orientarsi nel panorama in continua evoluzione delle priorit\u00e0 ambientali, sociali e di governance (ESG) e guidare con uno scopo in un mondo in rapida evoluzione, integrando i principi ESG nel cuore delle loro strategie aziendali. La nostra missione \u00e8 aiutarti a raggiungere una crescita sostenibile, costruire resilienza e guidare un impatto positivo per i tuoi stakeholder e il pianeta. <\/p><\/div><\/div><\/div>\n<\/div><\/div>\n\n<div class=\"wp-block-uagb-container uagb-block-djrsolhw alignfull uagb-is-root-container\"><div class=\"uagb-container-inner-blocks-wrap\">\n<div class=\"wp-block-uagb-container uagb-block-36hvgbet\">\n<div class=\"wp-block-uagb-container uagb-block-rws8syh1\">\n<div class=\"wp-block-uagb-info-box uagb-block-z2qp34ia uagb-infobox__content-wrap  uagb-infobox-icon-above-title uagb-infobox-image-valign-top\"><div class=\"uagb-ifb-content\"><div class=\"uagb-ifb-title-wrap\"><h3 class=\"uagb-ifb-title\"><strong>I nostri servizi<\/strong><\/h3><\/div><\/div><\/div>\n\n\n\n<ul>\n<li><strong> Integrazione strategica ESG:<\/strong> creiamo framework ESG e piani d&#8217;azione personalizzati che allineano i tuoi obiettivi aziendali con i benchmark di sostenibilit\u00e0 globali come gli SDG delle Nazioni Unite, GRI, SASB e TCFD. Dall&#8217;allineamento del consiglio di amministrazione all&#8217;esecuzione operativa, garantiamo che l&#8217;ESG diventi un motore fondamentale del tuo successo. <\/li>\n<li><strong>Reporting e conformit\u00e0 sulla sostenibilit\u00e0:<\/strong> la trasparenza \u00e8 fondamentale. Ti aiutiamo a produrre report sulla sostenibilit\u00e0 di alta qualit\u00e0, basati sui dati, che siano in sintonia con investitori, clienti e autorit\u00e0 di regolamentazione, garantendo al contempo la conformit\u00e0 con standard in evoluzione come i requisiti di informativa sul clima EU CSRD e SEC. <\/li>\n<li><strong>Azioni per il clima &amp; Pianificazione della decarbonizzazione:<\/strong> percorrere la strada verso le emissioni nette zero richiede competenza e innovazione. Forniamo approfondimenti concreti attraverso analisi dell&#8217;impronta di carbonio, strategie di transizione energetica e definizione di obiettivi basati sulla scienza, aiutandoti a ridurre le emissioni e a costruire un futuro a basse emissioni di carbonio. <\/li>\n<li><strong>Mappatura dei rischi e delle opportunit\u00e0:<\/strong> ESG \u00e8 pi\u00f9 di conformit\u00e0; si tratta di sbloccare il valore. Identifichiamo rischi e opportunit\u00e0 ESG materiali lungo la tua catena del valore, fornendoti gli strumenti per prendere decisioni proattive e informate che rendano la tua attivit\u00e0 a prova di futuro. <\/li>\n<li><strong>Consulenza su diversit\u00e0, equit\u00e0 e inclusione (DEI):<\/strong> un&#8217;azienda fiorente inizia dalle sue persone. Progettiamo e implementiamo strategie DEI che promuovono culture aziendali inclusive, stimolano il coinvolgimento dei dipendenti e migliorano l&#8217;impatto sociale a ogni livello della tua organizzazione. <\/li>\n<li><strong>Coinvolgimento e comunicazione degli stakeholder:<\/strong> la fiducia si costruisce attraverso relazioni autentiche. Ti guidiamo nel coinvolgimento di investitori, dipendenti, clienti e comunit\u00e0 attraverso una comunicazione trasparente e significativa, posizionandoti come leader fidato in ESG. <\/li>\n<li><strong> Sostenibilit\u00e0 della Supply Chain:<\/strong> la tua supply chain riflette i tuoi valori. Ti aiutiamo a integrare pratiche ambientali ed etiche nelle tue reti di approvvigionamento e fornitura, riducendo i rischi e migliorando la responsabilit\u00e0. <\/li>\n<li><strong>Misurazione dell&#8217;innovazione e dell&#8217;impatto:<\/strong> il successo deve essere misurabile. Utilizziamo strumenti all&#8217;avanguardia per quantificare il tuo impatto ESG, monitorare i progressi e fornire approfondimenti fruibili per ottimizzare le tue strategie nel tempo. <\/li>\n<\/ul>\n<\/div>\n\n\n\n<div class=\"wp-block-uagb-image alignleft uagb-block-hykgo2yz wp-block-uagb-image--layout-default wp-block-uagb-image--effect-static wp-block-uagb-image--align-left\"><figure class=\"wp-block-uagb-image__figure\"><img decoding=\"async\" srcset=\"https:\/\/greenertech.gr\/wp-content\/uploads\/2024\/11\/pexels-photo-5816299-5816299-683x1024.jpg ,https:\/\/greenertech.gr\/wp-content\/uploads\/2024\/11\/pexels-photo-5816299-5816299-scaled.jpg 780w, https:\/\/greenertech.gr\/wp-content\/uploads\/2024\/11\/pexels-photo-5816299-5816299-scaled.jpg 360w\" sizes=\"auto, (max-width: 480px) 150px\" src=\"https:\/\/greenertech.gr\/wp-content\/uploads\/2024\/11\/pexels-photo-5816299-5816299-683x1024.jpg\" alt=\"Business professionals discussing financial graphs and charts in an office setting.\" class=\"uag-image-3017\" width=\"683\" height=\"1024\" title=\"pexels-photo-5816299-5816299\" loading=\"lazy\" role=\"img\"><\/figure><\/div>\n<\/div>\n<\/div><\/div>\n\n<div class=\"wp-block-uagb-container uagb-block-nmygedw3 alignfull uagb-is-root-container\"><div class=\"uagb-container-inner-blocks-wrap\">\n<div class=\"wp-block-uagb-image alignleft uagb-block-8mtrv4q4 wp-block-uagb-image--layout-default wp-block-uagb-image--effect-static wp-block-uagb-image--align-left\"><figure class=\"wp-block-uagb-image__figure\"><img decoding=\"async\" srcset=\"https:\/\/greenertech.gr\/wp-content\/uploads\/2024\/11\/g378968b17af154c438c33754d44afedca2a77284f6a1b9c5f173600fbf5d125e28bcea5c7ae5d3d2877d5355f6cb41e6f5b031aa501971d985ce581308080bba_1280-3196481-1024x682.jpg ,https:\/\/greenertech.gr\/wp-content\/uploads\/2024\/11\/g378968b17af154c438c33754d44afedca2a77284f6a1b9c5f173600fbf5d125e28bcea5c7ae5d3d2877d5355f6cb41e6f5b031aa501971d985ce581308080bba_1280-3196481.jpg 780w, https:\/\/greenertech.gr\/wp-content\/uploads\/2024\/11\/g378968b17af154c438c33754d44afedca2a77284f6a1b9c5f173600fbf5d125e28bcea5c7ae5d3d2877d5355f6cb41e6f5b031aa501971d985ce581308080bba_1280-3196481.jpg 360w\" sizes=\"auto, (max-width: 480px) 150px\" src=\"https:\/\/greenertech.gr\/wp-content\/uploads\/2024\/11\/g378968b17af154c438c33754d44afedca2a77284f6a1b9c5f173600fbf5d125e28bcea5c7ae5d3d2877d5355f6cb41e6f5b031aa501971d985ce581308080bba_1280-3196481-1024x682.jpg\" alt=\"laptop, office, hand\" class=\"uag-image-3030\" width=\"699\" height=\"466\" title=\"g378968b17af154c438c33754d44afedca2a77284f6a1b9c5f173600fbf5d125e28bcea5c7ae5d3d2877d5355f6cb41e6f5b031aa501971d985ce581308080bba_1280-3196481\" loading=\"lazy\" role=\"img\"><\/figure><\/div>\n\n\n\n<div class=\"wp-block-uagb-info-box uagb-block-k0ijva4s uagb-infobox__content-wrap  uagb-infobox-icon-above-title uagb-infobox-image-valign-top\"><div class=\"uagb-ifb-content\"><div class=\"uagb-ifb-title-wrap\"><h2 class=\"uagb-ifb-title\"><strong>Il nostro metodo<\/strong><\/h2><\/div><p class=\"uagb-ifb-desc\">Con un mix di lungimiranza strategica, competenza nel settore e impegno per risultati misurabili, collaboriamo con voi per creare valore a lungo termine che vada a vantaggio di persone, pianeta e profitti. Che siate all&#8217;inizio del vostro percorso ESG o che stiate cercando di passare al livello successivo, portiamo chiarezza, sicurezza e impatto in ogni fase del processo. <br\/><br\/>Lascia che ti aiutiamo a trasformare le sfide in opportunit\u00e0 e a posizionare la tua attivit\u00e0 come leader nell&#8217;innovazione sostenibile. Insieme, costruiremo un futuro che funzioni per tutti. <\/p><\/div><\/div>\n<\/div><\/div>\n","protected":false},"excerpt":{"rendered":"<p>Integrazione strategica ESG: creiamo framework ESG e piani d&#8217;azione personalizzati che allineano i tuoi obiettivi aziendali con i benchmark di sostenibilit\u00e0 globali come gli SDG delle Nazioni Unite, GRI, SASB e TCFD. Dall&#8217;allineamento del consiglio di amministrazione all&#8217;esecuzione operativa, garantiamo che l&#8217;ESG diventi un motore fondamentale del tuo successo. Reporting e conformit\u00e0 sulla sostenibilit\u00e0: la [&hellip;]<\/p>\n","protected":false},"author":9,"featured_media":0,"parent":0,"menu_order":0,"comment_status":"closed","ping_status":"closed","template":"","meta":{"_uag_custom_page_level_css":"","site-sidebar-layout":"default","site-content-layout":"","ast-site-content-layout":"default","site-content-style":"default","site-sidebar-style":"default","ast-global-header-display":"","ast-banner-title-visibility":"","ast-main-header-display":"","ast-hfb-above-header-display":"","ast-hfb-below-header-display":"","ast-hfb-mobile-header-display":"","site-post-title":"disabled","ast-breadcrumbs-content":"","ast-featured-img":"","footer-sml-layout":"","ast-disable-related-posts":"","theme-transparent-header-meta":"enabled","adv-header-id-meta":"","stick-header-meta":"","header-above-stick-meta":"","header-main-stick-meta":"","header-below-stick-meta":"","astra-migrate-meta-layouts":"default","ast-page-background-enabled":"default","ast-page-background-meta":{"desktop":{"background-color":"var(--ast-global-color-4)","background-image":"","background-repeat":"repeat","background-position":"center center","background-size":"auto","background-attachment":"scroll","background-type":"","background-media":"","overlay-type":"","overlay-color":"","overlay-opacity":"","overlay-gradient":""},"tablet":{"background-color":"","background-image":"","background-repeat":"repeat","background-position":"center center","background-size":"auto","background-attachment":"scroll","background-type":"","background-media":"","overlay-type":"","overlay-color":"","overlay-opacity":"","overlay-gradient":""},"mobile":{"background-color":"","background-image":"","background-repeat":"repeat","background-position":"center center","background-size":"auto","background-attachment":"scroll","background-type":"","background-media":"","overlay-type":"","overlay-color":"","overlay-opacity":"","overlay-gradient":""}},"ast-content-background-meta":{"desktop":{"background-color":"var(--ast-global-color-5)","background-image":"","background-repeat":"repeat","background-position":"center center","background-size":"auto","background-attachment":"scroll","background-type":"","background-media":"","overlay-type":"","overlay-color":"","overlay-opacity":"","overlay-gradient":""},"tablet":{"background-color":"var(--ast-global-color-5)","background-image":"","background-repeat":"repeat","background-position":"center center","background-size":"auto","background-attachment":"scroll","background-type":"","background-media":"","overlay-type":"","overlay-color":"","overlay-opacity":"","overlay-gradient":""},"mobile":{"background-color":"var(--ast-global-color-5)","background-image":"","background-repeat":"repeat","background-position":"center center","background-size":"auto","background-attachment":"scroll","background-type":"","background-media":"","overlay-type":"","overlay-color":"","overlay-opacity":"","overlay-gradient":""}},"footnotes":""},"class_list":["post-3054","page","type-page","status-publish","hentry"],"aioseo_notices":[],"uagb_featured_image_src":{"full":false,"thumbnail":false,"medium":false,"medium_large":false,"large":false,"1536x1536":false,"2048x2048":false,"tenweb_optimizer_mobile":false,"tenweb_optimizer_tablet":false},"uagb_author_info":{"display_name":"vg5rtwralnpp","author_link":"https:\/\/greenertech.gr\/it\/author\/vg5rtwralnpp\/"},"uagb_comment_info":0,"uagb_excerpt":"Integrazione strategica ESG: creiamo framework ESG e piani d&#8217;azione personalizzati che allineano i tuoi obiettivi aziendali con i benchmark di sostenibilit\u00e0 globali come gli SDG delle Nazioni Unite, GRI, SASB e TCFD. Dall&#8217;allineamento del consiglio di amministrazione all&#8217;esecuzione operativa, garantiamo che l&#8217;ESG diventi un motore fondamentale del tuo successo. Reporting e conformit\u00e0 sulla sostenibilit\u00e0: la&hellip;","_links":{"self":[{"href":"https:\/\/greenertech.gr\/it\/wp-json\/wp\/v2\/pages\/3054","targetHints":{"allow":["GET"]}}],"collection":[{"href":"https:\/\/greenertech.gr\/it\/wp-json\/wp\/v2\/pages"}],"about":[{"href":"https:\/\/greenertech.gr\/it\/wp-json\/wp\/v2\/types\/page"}],"author":[{"embeddable":true,"href":"https:\/\/greenertech.gr\/it\/wp-json\/wp\/v2\/users\/9"}],"replies":[{"embeddable":true,"href":"https:\/\/greenertech.gr\/it\/wp-json\/wp\/v2\/comments?post=3054"}],"version-history":[{"count":1,"href":"https:\/\/greenertech.gr\/it\/wp-json\/wp\/v2\/pages\/3054\/revisions"}],"predecessor-version":[{"id":3055,"href":"https:\/\/greenertech.gr\/it\/wp-json\/wp\/v2\/pages\/3054\/revisions\/3055"}],"wp:attachment":[{"href":"https:\/\/greenertech.gr\/it\/wp-json\/wp\/v2\/media?parent=3054"}],"curies":[{"name":"wp","href":"https:\/\/api.w.org\/{rel}","templated":true}]}}